{"id":1813,"date":"2019-12-13T11:19:01","date_gmt":"2019-12-13T08:19:01","guid":{"rendered":"https:\/\/barantex.com\/kurumsal\/kalite-politikasi\/"},"modified":"2020-04-17T20:42:30","modified_gmt":"2020-04-17T17:42:30","slug":"quality-policy","status":"publish","type":"page","link":"https:\/\/www.barantex.com\/en\/corporate\/quality-policy\/","title":{"rendered":"QUALITY POLICY"},"content":{"rendered":"<p><div class=\"fusion-fullwidth fullwidth-box fusion-builder-row-1 fusion-parallax-none nonhundred-percent-fullwidth non-hundred-percent-height-scrolling\" style=\"--awb-background-position:center top;--awb-border-radius-top-left:0px;--awb-border-radius-top-right:0px;--awb-border-radius-bottom-right:0px;--awb-border-radius-bottom-left:0px;--awb-padding-top:16%;--awb-padding-bottom:12%;--awb-background-image:linear-gradient(180deg, rgba(192,192,192,0.7) 0%,rgba(255,255,255,0) 56%),url(https:\/\/barantex.com\/wp-content\/uploads\/2019\/12\/kurumsal.png);;--awb-background-size:cover;--awb-flex-wrap:wrap;\" ><div class=\"fusion-builder-row fusion-row\"><div class=\"fusion-layout-column fusion_builder_column fusion-builder-column-0 fusion_builder_column_1_1 1_1 fusion-one-full fusion-column-first fusion-column-last\" style=\"--awb-bg-size:cover;\"><div class=\"fusion-column-wrapper fusion-column-has-shadow fusion-flex-column-wrapper-legacy\"><div class=\"fusion-title title fusion-title-1 fusion-sep-none fusion-title-center fusion-title-text fusion-title-size-one\" style=\"--awb-margin-bottom:20px;\"><h1 class=\"fusion-title-heading title-heading-center fusion-responsive-typography-calculated\" style=\"margin:0;letter-spacing:-5px;--fontSize:80;line-height:1.2;\">Quality Policy<\/h1><\/div><div class=\"fusion-clearfix\"><\/div><\/div><\/div><\/div><\/div><div class=\"fusion-fullwidth fullwidth-box fusion-builder-row-2 nonhundred-percent-fullwidth non-hundred-percent-height-scrolling fusion-equal-height-columns\" style=\"--awb-border-radius-top-left:0px;--awb-border-radius-top-right:0px;--awb-border-radius-bottom-right:0px;--awb-border-radius-bottom-left:0px;--awb-padding-bottom:0px;--awb-flex-wrap:wrap;\" ><div class=\"fusion-builder-row fusion-row\"><div class=\"fusion-layout-column fusion_builder_column fusion-builder-column-1 fusion_builder_column_2_3 2_3 fusion-two-third fusion-column-first fusion-no-small-visibility fusion-no-medium-visibility\" style=\"--awb-padding-bottom:60px;--awb-bg-size:cover;width:66.666666666667%;width:calc(66.666666666667% - ( ( 4% ) * 0.66666666666667 ) );margin-right: 4%;\"><div class=\"fusion-column-wrapper fusion-column-has-shadow fusion-flex-column-wrapper-legacy\"><div class=\"fusion-column-content-centered\"><div class=\"fusion-column-content\"><div class=\"fusion-sep-clear\"><\/div><div class=\"fusion-separator fusion-full-width-sep\" style=\"margin-left: auto;margin-right: auto;margin-top:10px;margin-bottom:10px;width:100%;\"><\/div><div class=\"fusion-sep-clear\"><\/div><div class=\"fusion-title title fusion-title-2 fusion-sep-none fusion-title-text fusion-title-size-two\" style=\"--awb-margin-top:0px;--awb-margin-bottom:0px;--awb-margin-top-small:0px;--awb-margin-bottom-small:0px;--awb-font-size:60px;\"><h2 class=\"fusion-title-heading title-heading-left fusion-responsive-typography-calculated\" style=\"margin:0;letter-spacing:-3px;font-size:1em;--fontSize:60;line-height:1.1;\">Quality Policy<\/h2><\/div><div class=\"fusion-sep-clear\"><\/div><div class=\"fusion-separator fusion-full-width-sep\" style=\"margin-left: auto;margin-right: auto;margin-top:10px;margin-bottom:10px;width:100%;\"><\/div><div class=\"fusion-sep-clear\"><\/div><div class=\"fusion-text fusion-text-1\"><p>Baran Textile continues to be successful since its establishment by creating a difference in the sector for decades.<\/p>\n<p>Customer Satisfaction;<\/p>\n<p>\u2022 To fully perceive the expectations of its customers, to meet them completely and to ensure the continuity of customer satisfaction<\/p>\n<p>\u2022 To create a quality management system aimed at continuous improvement by using its resources in the most efficient manner.<\/p>\n<p>The participation and continuous improvement of our employees;<\/p>\n<p>\u2022 To ensure the participation of all our employees in achieving the common goals and objectives of the company with a good team spirit.<\/p>\n<p>Technology;<\/p>\n<p>\u2022 Ensures traceability at every stage with technological resources and aims to reach zero defect not only in the final product but in the procurement process as well.<\/p>\n<\/div><div class=\"fusion-sep-clear\"><\/div><div class=\"fusion-separator fusion-full-width-sep\" style=\"margin-left: auto;margin-right: auto;margin-top:10px;margin-bottom:10px;width:100%;\"><\/div><div class=\"fusion-sep-clear\"><\/div><\/div><\/div><div class=\"fusion-clearfix\"><\/div><\/div><\/div><div class=\"fusion-layout-column fusion_builder_column fusion-builder-column-2 fusion_builder_column_1_3 1_3 fusion-one-third fusion-column-last fusion-no-small-visibility fusion-no-medium-visibility\" style=\"--awb-bg-size:cover;width:33.333333333333%;width:calc(33.333333333333% - ( ( 4% ) * 0.33333333333333 ) );\"><div class=\"fusion-column-wrapper fusion-column-has-shadow fusion-flex-column-wrapper-legacy\"><div class=\"fusion-column-content-centered\"><div class=\"fusion-column-content\"><div class=\"fusion-image-element in-legacy-container\" style=\"--awb-caption-title-font-family:var(--h2_typography-font-family);--awb-caption-title-font-weight:var(--h2_typography-font-weight);--awb-caption-title-font-style:var(--h2_typography-font-style);--awb-caption-title-size:var(--h2_typography-font-size);--awb-caption-title-transform:var(--h2_typography-text-transform);--awb-caption-title-line-height:var(--h2_typography-line-height);--awb-caption-title-letter-spacing:var(--h2_typography-letter-spacing);\"><span class=\" fusion-imageframe imageframe-none imageframe-1 hover-type-none\"><img decoding=\"async\" width=\"500\" height=\"500\" title=\"cotton\" src=\"https:\/\/barantex.com\/wp-content\/uploads\/2019\/10\/cotton.png\" alt class=\"img-responsive wp-image-1742\" srcset=\"https:\/\/www.barantex.com\/wp-content\/uploads\/2019\/10\/cotton-200x200.png 200w, https:\/\/www.barantex.com\/wp-content\/uploads\/2019\/10\/cotton-400x400.png 400w, https:\/\/www.barantex.com\/wp-content\/uploads\/2019\/10\/cotton.png 500w\" sizes=\"(max-width: 1024px) 100vw, 400px\" \/><\/span><\/div><\/div><\/div><div class=\"fusion-clearfix\"><\/div><\/div><\/div><\/div><\/div><\/p>\n","protected":false},"excerpt":{"rendered":"","protected":false},"author":1,"featured_media":0,"parent":1803,"menu_order":20,"comment_status":"closed","ping_status":"closed","template":"100-width.php","meta":{"footnotes":""},"class_list":["post-1813","page","type-page","status-publish","hentry"],"yoast_head":"<!-- This site is optimized with the Yoast SEO plugin v27.4 - https:\/\/yoast.com\/product\/yoast-seo-wordpress\/ -->\n<title>QUALITY POLICY - Baran Tekstil<\/title>\n<meta name=\"robots\" content=\"index, follow, max-snippet:-1, max-image-preview:large, max-video-preview:-1\" \/>\n<link rel=\"canonical\" href=\"https:\/\/www.barantex.com\/en\/corporate\/quality-policy\/\" \/>\n<meta property=\"og:locale\" content=\"en_US\" \/>\n<meta property=\"og:type\" content=\"article\" \/>\n<meta property=\"og:title\" content=\"QUALITY POLICY - Baran Tekstil\" \/>\n<meta property=\"og:url\" content=\"https:\/\/www.barantex.com\/en\/corporate\/quality-policy\/\" \/>\n<meta property=\"og:site_name\" content=\"Baran Tekstil\" \/>\n<meta property=\"article:modified_time\" content=\"2020-04-17T17:42:30+00:00\" \/>\n<meta name=\"twitter:card\" content=\"summary_large_image\" \/>\n<meta name=\"twitter:label1\" content=\"Est. reading time\" \/>\n\t<meta name=\"twitter:data1\" content=\"7 minutes\" \/>\n<script type=\"application\/ld+json\" class=\"yoast-schema-graph\">{\"@context\":\"https:\\\/\\\/schema.org\",\"@graph\":[{\"@type\":\"WebPage\",\"@id\":\"https:\\\/\\\/www.barantex.com\\\/en\\\/corporate\\\/quality-policy\\\/\",\"url\":\"https:\\\/\\\/www.barantex.com\\\/en\\\/corporate\\\/quality-policy\\\/\",\"name\":\"QUALITY POLICY - Baran Tekstil\",\"isPartOf\":{\"@id\":\"https:\\\/\\\/www.barantex.com\\\/en\\\/#website\"},\"datePublished\":\"2019-12-13T08:19:01+00:00\",\"dateModified\":\"2020-04-17T17:42:30+00:00\",\"breadcrumb\":{\"@id\":\"https:\\\/\\\/www.barantex.com\\\/en\\\/corporate\\\/quality-policy\\\/#breadcrumb\"},\"inLanguage\":\"en-US\",\"potentialAction\":[{\"@type\":\"ReadAction\",\"target\":[\"https:\\\/\\\/www.barantex.com\\\/en\\\/corporate\\\/quality-policy\\\/\"]}]},{\"@type\":\"BreadcrumbList\",\"@id\":\"https:\\\/\\\/www.barantex.com\\\/en\\\/corporate\\\/quality-policy\\\/#breadcrumb\",\"itemListElement\":[{\"@type\":\"ListItem\",\"position\":1,\"name\":\"Ana sayfa\",\"item\":\"https:\\\/\\\/www.barantex.com\\\/en\\\/\"},{\"@type\":\"ListItem\",\"position\":2,\"name\":\"CORPORATE\",\"item\":\"https:\\\/\\\/www.barantex.com\\\/en\\\/kurumsal\\\/\"},{\"@type\":\"ListItem\",\"position\":3,\"name\":\"QUALITY POLICY\"}]},{\"@type\":\"WebSite\",\"@id\":\"https:\\\/\\\/www.barantex.com\\\/en\\\/#website\",\"url\":\"https:\\\/\\\/www.barantex.com\\\/en\\\/\",\"name\":\"Baran Tekstil\",\"description\":\"Moda D\u00fcnyas\u0131na A\u00e7\u0131lan Kap\u0131n\u0131z\",\"potentialAction\":[{\"@type\":\"SearchAction\",\"target\":{\"@type\":\"EntryPoint\",\"urlTemplate\":\"https:\\\/\\\/www.barantex.com\\\/en\\\/?s={search_term_string}\"},\"query-input\":{\"@type\":\"PropertyValueSpecification\",\"valueRequired\":true,\"valueName\":\"search_term_string\"}}],\"inLanguage\":\"en-US\"}]}<\/script>\n<!-- \/ Yoast SEO plugin. -->","yoast_head_json":{"title":"QUALITY POLICY - Baran Tekstil","robots":{"index":"index","follow":"follow","max-snippet":"max-snippet:-1","max-image-preview":"max-image-preview:large","max-video-preview":"max-video-preview:-1"},"canonical":"https:\/\/www.barantex.com\/en\/corporate\/quality-policy\/","og_locale":"en_US","og_type":"article","og_title":"QUALITY POLICY - Baran Tekstil","og_url":"https:\/\/www.barantex.com\/en\/corporate\/quality-policy\/","og_site_name":"Baran Tekstil","article_modified_time":"2020-04-17T17:42:30+00:00","twitter_card":"summary_large_image","twitter_misc":{"Est. reading time":"7 minutes"},"schema":{"@context":"https:\/\/schema.org","@graph":[{"@type":"WebPage","@id":"https:\/\/www.barantex.com\/en\/corporate\/quality-policy\/","url":"https:\/\/www.barantex.com\/en\/corporate\/quality-policy\/","name":"QUALITY POLICY - Baran Tekstil","isPartOf":{"@id":"https:\/\/www.barantex.com\/en\/#website"},"datePublished":"2019-12-13T08:19:01+00:00","dateModified":"2020-04-17T17:42:30+00:00","breadcrumb":{"@id":"https:\/\/www.barantex.com\/en\/corporate\/quality-policy\/#breadcrumb"},"inLanguage":"en-US","potentialAction":[{"@type":"ReadAction","target":["https:\/\/www.barantex.com\/en\/corporate\/quality-policy\/"]}]},{"@type":"BreadcrumbList","@id":"https:\/\/www.barantex.com\/en\/corporate\/quality-policy\/#breadcrumb","itemListElement":[{"@type":"ListItem","position":1,"name":"Ana sayfa","item":"https:\/\/www.barantex.com\/en\/"},{"@type":"ListItem","position":2,"name":"CORPORATE","item":"https:\/\/www.barantex.com\/en\/kurumsal\/"},{"@type":"ListItem","position":3,"name":"QUALITY POLICY"}]},{"@type":"WebSite","@id":"https:\/\/www.barantex.com\/en\/#website","url":"https:\/\/www.barantex.com\/en\/","name":"Baran Tekstil","description":"Moda D\u00fcnyas\u0131na A\u00e7\u0131lan Kap\u0131n\u0131z","potentialAction":[{"@type":"SearchAction","target":{"@type":"EntryPoint","urlTemplate":"https:\/\/www.barantex.com\/en\/?s={search_term_string}"},"query-input":{"@type":"PropertyValueSpecification","valueRequired":true,"valueName":"search_term_string"}}],"inLanguage":"en-US"}]}},"_links":{"self":[{"href":"https:\/\/www.barantex.com\/en\/wp-json\/wp\/v2\/pages\/1813","targetHints":{"allow":["GET"]}}],"collection":[{"href":"https:\/\/www.barantex.com\/en\/wp-json\/wp\/v2\/pages"}],"about":[{"href":"https:\/\/www.barantex.com\/en\/wp-json\/wp\/v2\/types\/page"}],"author":[{"embeddable":true,"href":"https:\/\/www.barantex.com\/en\/wp-json\/wp\/v2\/users\/1"}],"replies":[{"embeddable":true,"href":"https:\/\/www.barantex.com\/en\/wp-json\/wp\/v2\/comments?post=1813"}],"version-history":[{"count":2,"href":"https:\/\/www.barantex.com\/en\/wp-json\/wp\/v2\/pages\/1813\/revisions"}],"predecessor-version":[{"id":1815,"href":"https:\/\/www.barantex.com\/en\/wp-json\/wp\/v2\/pages\/1813\/revisions\/1815"}],"up":[{"embeddable":true,"href":"https:\/\/www.barantex.com\/en\/wp-json\/wp\/v2\/pages\/1803"}],"wp:attachment":[{"href":"https:\/\/www.barantex.com\/en\/wp-json\/wp\/v2\/media?parent=1813"}],"curies":[{"name":"wp","href":"https:\/\/api.w.org\/{rel}","templated":true}]}}