{"id":1885,"date":"2019-12-03T11:18:51","date_gmt":"2019-12-03T11:18:51","guid":{"rendered":"https:\/\/barantex.com\/kvkk-aydinlatma-metni\/"},"modified":"2020-04-18T13:35:21","modified_gmt":"2020-04-18T10:35:21","slug":"kvkk-aydinlatma-metni","status":"publish","type":"page","link":"https:\/\/www.barantex.com\/fr\/dentreprise\/politique-de-confidentialite\/kvkk-aydinlatma-metni\/","title":{"rendered":"KVKK AYDINLATMA METN\u0130 FR"},"content":{"rendered":"<p><div class=\"fusion-fullwidth fullwidth-box fusion-builder-row-1 fusion-parallax-none nonhundred-percent-fullwidth non-hundred-percent-height-scrolling\" style=\"--awb-background-position:center top;--awb-border-radius-top-left:0px;--awb-border-radius-top-right:0px;--awb-border-radius-bottom-right:0px;--awb-border-radius-bottom-left:0px;--awb-padding-top:16%;--awb-padding-bottom:12%;--awb-background-image:linear-gradient(180deg, rgba(192,192,192,0.7) 0%,rgba(255,255,255,0) 56%),url(https:\/\/barantex.com\/wp-content\/uploads\/2019\/12\/insan-kaynaklari-scaled.jpg);;--awb-background-size:cover;--awb-flex-wrap:wrap;\" ><div class=\"fusion-builder-row fusion-row\"><div class=\"fusion-layout-column fusion_builder_column fusion-builder-column-0 fusion_builder_column_1_1 1_1 fusion-one-full fusion-column-first fusion-column-last\" style=\"--awb-bg-size:cover;\"><div class=\"fusion-column-wrapper fusion-column-has-shadow fusion-flex-column-wrapper-legacy\"><div class=\"fusion-title title fusion-title-1 fusion-sep-none fusion-title-center fusion-title-text fusion-title-size-one\" style=\"--awb-margin-bottom:20px;\"><h1 class=\"fusion-title-heading title-heading-center fusion-responsive-typography-calculated\" style=\"margin:0;letter-spacing:-5px;--fontSize:80;line-height:1.2;\">KVKK Ayd\u0131nlatma Metni<\/h1><\/div><div class=\"fusion-clearfix\"><\/div><\/div><\/div><\/div><\/div><div class=\"fusion-fullwidth fullwidth-box fusion-builder-row-2 nonhundred-percent-fullwidth non-hundred-percent-height-scrolling\" style=\"--awb-border-radius-top-left:0px;--awb-border-radius-top-right:0px;--awb-border-radius-bottom-right:0px;--awb-border-radius-bottom-left:0px;--awb-padding-top:9%;--awb-flex-wrap:wrap;\" ><div class=\"fusion-builder-row fusion-row\"><div class=\"fusion-layout-column fusion_builder_column fusion-builder-column-1 fusion_builder_column_1_1 1_1 fusion-one-full fusion-column-first fusion-column-last\" style=\"--awb-padding-bottom:60px;--awb-bg-size:cover;\"><div class=\"fusion-column-wrapper fusion-column-has-shadow fusion-flex-column-wrapper-legacy\"><div class=\"fusion-text fusion-text-1\"><p><strong>\u00a0\u00a0\u00a0\u00a0\u00a0\u00a0\u00a0\u00a0\u00a0\u00a0\u00a0\u00a0\u00a0\u00a0\u00a0\u00a0 BARAN TEKST\u0130L TA\u015eIMACILIK GIDA T\u0130CARET L\u0130M\u0130TED \u015e\u0130RKET\u0130 <\/strong><\/p>\n<p><strong>6698 say\u0131l\u0131 Ki\u015fisel Verilerin Korunmas\u0131 Kanunu Kapsam\u0131nda<\/strong><\/p>\n<p><strong>Ayd\u0131nlatma Metni<\/strong><\/p>\n<p><strong>\u00a0<\/strong><\/p>\n<p>BARAN TEKST\u0130L TA\u015eIMACILIK GIDA T\u0130CARET L\u0130M\u0130TED \u015e\u0130RKET\u0130 \u00a0(\u201c\u015eirket\u2019\u2019) olarak \u00e7al\u0131\u015fanlar\u0131m\u0131z, m\u00fc\u015fterilerimiz, i\u015f ortaklar\u0131m\u0131z ve t\u00fcm di\u011fer i\u015f ili\u015fkisinde bulundu\u011fumuz her ger\u00e7ek ki\u015finin ki\u015fisel verilerinin g\u00fcvenli\u011fi hususuna azami hassasiyet g\u00f6stermekteyiz. Bu bilin\u00e7le, \u015eirket olarak i\u015f s\u00f6zle\u015fmesi ile ba\u011fl\u0131 t\u00fcm \u00e7al\u0131\u015fanlar\u0131m\u0131za, hizmet veya al\u0131m s\u00f6zle\u015fmesi i\u00e7erisinde oldu\u011fumuz i\u015f ortaklar\u0131m\u0131za, \u00e7al\u0131\u015fanlar\u0131m\u0131za ait her t\u00fcrl\u00fc ki\u015fisel verilerin 6698 say\u0131l\u0131 Ki\u015fisel Verilerin Korunmas\u0131 Kanunu (\u201cKVKK\u201d)\u2019ya uygun olarak i\u015flenerek, muhafaza edilmesine b\u00fcy\u00fck \u00f6nem atfetmekteyiz. Ki\u015fisel verilerinizi a\u015fa\u011f\u0131da izah edildi\u011fi surette, KVKK\u2019 ya uygun olarak ve mevzuat taraf\u0131ndan emredilen s\u0131n\u0131rlar \u00e7er\u00e7evesinde i\u015flemekteyiz.<\/p>\n<ol>\n<li><strong> Ki\u015fisel Verilerin Toplanmas\u0131, \u0130\u015flenmesi ve \u0130\u015fleme Ama\u00e7lar\u0131<\/strong><\/li>\n<\/ol>\n<p>Ki\u015fisel verileriniz, \u015eirketimiz taraf\u0131ndan aram\u0131zdaki s\u00f6zle\u015fmeye ba\u011fl\u0131 olarak; otomatik ya da otomatik olmayan y\u00f6ntemlerle, i\u015f yerlerinde ve ilgili alanlarda s\u00f6zl\u00fc, yaz\u0131l\u0131, dijital ya da elektronik olarak toplanabilecektir. S\u00f6zle\u015fme ili\u015fkisi veya s\u00f6zle\u015fmeden do\u011fabilecek y\u00fck\u00fcml\u00fcl\u00fckler devam etti\u011fi s\u00fcrece olu\u015fturularak ve g\u00fcncellenerek ki\u015fisel verileriniz i\u015flenebilecektir.<\/p>\n<p>Ki\u015filerin \u0131rk\u0131, etnik k\u00f6keni, siyasi d\u00fc\u015f\u00fcncesi, felsefi inanc\u0131, dini, mezhebi veya di\u011fer inan\u00e7lar\u0131, k\u0131l\u0131k ve k\u0131yafeti, dernek, vak\u0131f ya da sendika \u00fcyeli\u011fi, sa\u011fl\u0131\u011f\u0131, cinsel hayat\u0131, ceza mahk\u00fbmiyeti ve g\u00fcvenlik tedbirleriyle ilgili verileri ile biyometrik ve genetik verileri \u00f6zel nitelikli ki\u015fisel veridir. \u015eirket ile aras\u0131nda i\u015f s\u00f6zle\u015fmesi bulunan \u00e7al\u0131\u015fanlar\u0131n, 4857 say\u0131l\u0131 \u0130\u015f Kanunu ve sair mevzuat uyar\u0131nca sa\u011fl\u0131k ile ceza mahkumiyeti ve g\u00fcvenlik tedbirleriyle ilgili \u00f6zel nitelikli ki\u015fisel verileriniz, \u015eirket ile aran\u0131zdaki i\u015f s\u00f6zle\u015fmesi gere\u011fince kanuni y\u00fck\u00fcml\u00fcl\u00fckler s\u0131n\u0131r\u0131nda toplanmakta ve i\u015flenmektedir.<\/p>\n<p>Size tahsis edilen cep telefonu, ara\u00e7 ve bilgisayar verilmesi durumunda, bak\u0131m, onar\u0131m ve verimlilik amac\u0131yla ki\u015fisel verileriniz i\u015flenebilecektir.<\/p>\n<p>Toplanan ki\u015fisel verileriniz, s\u00f6zle\u015fmesel y\u00fck\u00fcml\u00fcl\u00fcklerimizin yerine getirilmesi, \u015eirket faaliyetlerinin devam\u0131, i\u015fin d\u00fczenlenmesi, i\u015fveren sorumluluklar\u0131n\u0131n yerine getirilmesi, i\u015f g\u00fcvenli\u011finin temini, i\u015fin y\u00f6netimi, denetimi ve ifas\u0131, kamu kurum ve kurulu\u015flar\u0131yla ilgili olarak sorumluluklar\u0131m\u0131z\u0131n temini, \u00e7al\u0131\u015fanlar\u0131n g\u00fcvenli\u011fi ama\u00e7lar\u0131yla KVKK \u2019da belirtilen ki\u015fisel veri i\u015fleme \u015fartlar\u0131 ve ama\u00e7lar\u0131 d\u00e2hilinde i\u015flenecektir.<\/p>\n<ol start=\"2\">\n<li><strong> \u0130\u015flenen Ki\u015fisel Verilerin Kimlere ve Hangi Ama\u00e7la Aktar\u0131labilece\u011fi<\/strong><\/li>\n<\/ol>\n<p>\u015eirket, ki\u015fisel verileri, s\u00f6zle\u015fmesel y\u00fck\u00fcml\u00fcl\u00fcklerinin yerine getirilmesi, \u015eirket faaliyetlerinin devam\u0131, i\u015fin d\u00fczenlenmesi, i\u015fveren sorumluluklar\u0131n\u0131n yerine getirilmesi, i\u015f g\u00fcvenli\u011finin temini, i\u015fin y\u00f6netimi, denetimi ve ifas\u0131, kamu kurum ve kurulu\u015flar\u0131yla ilgili olarak sorumluluklar\u0131m\u0131z\u0131n temini, \u00e7al\u0131\u015fanlar\u0131n g\u00fcvenli\u011fi ama\u00e7lar\u0131yla, birazdan say\u0131lacaklar dahil ancak bunlarla s\u0131n\u0131rl\u0131 olmayacak \u015fekilde, Ki\u015fisel veriler a\u015fa\u011f\u0131da say\u0131lanlar dahil ancak bunlarla s\u0131n\u0131rl\u0131 olmayacak \u015fekilde; tedarik\u00e7ilere, i\u015f ortaklar\u0131 ve i\u015f ba\u011flant\u0131lar\u0131na, emniyet birimleri, kamu kurumlar\u0131, ilgili bakanl\u0131klar ve m\u00fcd\u00fcrl\u00fckler ile; i\u015f kanunu ve sosyal g\u00fcvenlik kanunlar\u0131 uyar\u0131nca g\u00f6revlendirilen kamu kurumu ve t\u00fczel ki\u015filerine, kanunlarla yetkili kamu kurumlar\u0131na, KVKK \u2019da belirtilen ki\u015fisel veri i\u015fleme \u015fartlar\u0131 ve ama\u00e7lar\u0131 \u00e7er\u00e7evesinde aktar\u0131labilecektir.<\/p>\n<ol start=\"3\">\n<li><strong> Ki\u015fisel Veri Toplaman\u0131n Y\u00f6ntemi ve Hukuki Sebebi<\/strong><\/li>\n<\/ol>\n<p>Ki\u015fisel verileriniz, her t\u00fcrl\u00fc s\u00f6zl\u00fc, yaz\u0131l\u0131, elektronik ya da dijital ortamda, yukar\u0131da yer verilen ama\u00e7lar do\u011frultusunda i\u015f ve sosyal g\u00fcvenlik kanunlar\u0131 ile s\u00f6zle\u015fmesel hak ve y\u00fck\u00fcml\u00fcl\u00fckler ba\u015fta olmak \u00fczere, mevzuat uyar\u0131nca \u015eirket\u2019in i\u015f s\u00f6zle\u015fmesi, taraf oldu\u011fu hizmet vb. s\u00f6zle\u015fmeler ve yasalardan do\u011fan mesuliyetlerini eksiksiz ve do\u011fru bir \u015fekilde yerine getirebilmesi gayesi ile edinilir. Bu hukuki sebeple toplanan ki\u015fisel verileriniz KVKK \u2019da belirtilen ki\u015fisel veri i\u015fleme \u015fartlar\u0131 ve ama\u00e7lar\u0131 kapsam\u0131nda bu metinde belirtilen ama\u00e7larla da i\u015flenebilmekte ve aktar\u0131labilmektedir.<\/p>\n<ol start=\"4\">\n<li><strong> Ki\u015fisel Veri Sahibinin KVK Kanunu\u2019nun 11. maddesinde Say\u0131lan Haklar\u0131<\/strong><\/li>\n<\/ol>\n<p>Ki\u015fisel veri sahipleri olarak, haklar\u0131n\u0131za ili\u015fkin taleplerinizi, yaz\u0131l\u0131 olarak \u015eirketimize iletmeniz durumunda \u015eirketimiz talebin niteli\u011fine g\u00f6re, kimli\u011finizi do\u011frulad\u0131ktan sonra Kanun\u2019da belirtilen s\u00fcreler i\u00e7erisinde en ge\u00e7 30 (otuz) g\u00fcn i\u00e7erisinde sonu\u00e7land\u0131racakt\u0131r.<\/p>\n<p>Bu kapsamda ki\u015fisel veri sahipleri;<\/p>\n<ul>\n<li>Ki\u015fisel veri i\u015flenip i\u015flenmedi\u011fini \u00f6\u011frenme,<\/li>\n<li>Ki\u015fisel verileri i\u015flenmi\u015fse buna ili\u015fkin bilgi talep etme,<\/li>\n<li>Ki\u015fisel verilerin i\u015flenme amac\u0131n\u0131 ve bunlar\u0131n amac\u0131na uygun kullan\u0131l\u0131p kullan\u0131lmad\u0131\u011f\u0131n\u0131 \u00f6\u011frenme,<\/li>\n<li>Yurt i\u00e7inde veya yurt d\u0131\u015f\u0131nda ki\u015fisel verilerin aktar\u0131ld\u0131\u011f\u0131 \u00fc\u00e7\u00fcnc\u00fc ki\u015fileri bilme,<\/li>\n<li>Ki\u015fisel verilerin eksik veya yanl\u0131\u015f i\u015flenmi\u015f olmas\u0131 h\u00e2linde bunlar\u0131n d\u00fczeltilmesini isteme ve bu kapsamda yap\u0131lan i\u015flemin ki\u015fisel verilerin aktar\u0131ld\u0131\u011f\u0131 \u00fc\u00e7\u00fcnc\u00fc ki\u015filere bildirilmesini isteme,<\/li>\n<li>KVK Kanunu\u2019nun ve ilgili di\u011fer kanun h\u00fck\u00fcmlerine uygun olarak i\u015flenmi\u015f olmas\u0131na ra\u011fmen, i\u015flenmesini gerektiren sebeplerin ortadan kalkmas\u0131 h\u00e2linde ki\u015fisel verilerin silinmesini veya yok edilmesini isteme ve bu kapsamda yap\u0131lan i\u015flemin ki\u015fisel verilerin aktar\u0131ld\u0131\u011f\u0131 \u00fc\u00e7\u00fcnc\u00fc ki\u015filere bildirilmesini isteme,<\/li>\n<li>\u0130\u015flenen verilerin m\u00fcnhas\u0131ran otomatik sistemler vas\u0131tas\u0131yla analiz edilmesi suretiyle ki\u015finin kendisi aleyhine bir sonucun ortaya \u00e7\u0131kmas\u0131na itiraz etme,<\/li>\n<li>Ki\u015fisel verilerin kanuna ayk\u0131r\u0131 olarak i\u015flenmesi sebebiyle zarara u\u011framas\u0131 h\u00e2linde zarar\u0131n giderilmesini talep etme haklar\u0131na sahiptir.<\/li>\n<\/ul>\n<p>KVKK uyar\u0131nca, yukar\u0131da belirtilen haklar\u0131n\u0131z\u0131 kullanmak ile ilgili talebinizi, yaz\u0131l\u0131 olarak \u015eirketimize iletmeniz gerekmektedir. Yukar\u0131da belirtilen haklar\u0131n\u0131z\u0131 kullanmak i\u00e7in kimli\u011finizi tespit edici gerekli bilgiler ile KVKK \u2019n\u0131n 11. maddesinde belirtilen haklardan kullanmay\u0131 talep etti\u011finiz hakk\u0131n\u0131za y\u00f6nelik a\u00e7\u0131klamalar\u0131n\u0131z\u0131 i\u00e7eren talebinizi; <a href=\"mailto:kvkk.baran@rodergroup.com\">kvkk.baran@rodergroup.com<\/a> \u00a0adresine iletebilirsiniz.<\/p>\n<\/div><div class=\"fusion-sep-clear\"><\/div><div class=\"fusion-separator fusion-full-width-sep\" style=\"margin-left: auto;margin-right: auto;margin-top:30px;width:100%;\"><\/div><div class=\"fusion-sep-clear\"><\/div><div class=\"fusion-clearfix\"><\/div><\/div><\/div><\/div><\/div><div class=\"fusion-fullwidth fullwidth-box fusion-builder-row-3 nonhundred-percent-fullwidth non-hundred-percent-height-scrolling\" style=\"--awb-border-radius-top-left:0px;--awb-border-radius-top-right:0px;--awb-border-radius-bottom-right:0px;--awb-border-radius-bottom-left:0px;--awb-padding-bottom:0px;--awb-flex-wrap:wrap;\" ><div class=\"fusion-builder-row fusion-row\"><div class=\"fusion-layout-column fusion_builder_column fusion-builder-column-2 fusion_builder_column_1_1 1_1 fusion-one-full fusion-column-first fusion-column-last\" style=\"--awb-bg-blend:overlay;--awb-bg-size:cover;\"><div class=\"fusion-column-wrapper fusion-column-has-shadow fusion-flex-column-wrapper-legacy\"><div class=\"fusion-section-separator section-separator hills-opacity fusion-section-separator-1\" style=\"--awb-spacer-padding-top:17.7734375%;--awb-svg-margin-left:0;--awb-svg-margin-right:0;--awb-sep-font-size:0;--awb-sep-line-height:0;\"><div class=\"fusion-section-separator-svg\"><svg class=\"fusion-hills-opacity-candy\" xmlns=\"http:\/\/www.w3.org\/2000\/svg\" version=\"1.1\" width=\"100%\" viewBox=\"0 -0.5 1024 182\" preserveAspectRatio=\"none\" fill=\"rgba(0,0,0,1)\"><path class=\"st0\" d=\"M0 182.086h1024V41.593c-28.058-21.504-60.109-37.581-97.075-37.581-112.845 0-198.144 93.798-289.792 93.798S437.658 6.777 351.846 6.777s-142.234 82.125-238.49 82.125c-63.078 0-75.776-31.744-113.357-53.658L0 182.086z\"\/>\n\t\t\t\t\t\t\t\t\t<path class=\"st1\" d=\"M1024 181.062v-75.878c-39.731 15.872-80.794 27.341-117.658 25.805-110.387-4.506-191.795-109.773-325.53-116.224-109.158-5.12-344.166 120.115-429.466 166.298H1024v-.001z\"\/>\n\t\t\t\t\t\t\t\t\t<path class=\"st2\" d=\"M0 182.086h1024V90.028C966.451 59.103 907.059 16.3 824.115 15.071 690.278 13.023 665.19 102.93 482.099 102.93S202.138-1.62 74.24.019C46.49.326 21.811 4.217 0 9.849v172.237z\"\/>\n\t\t\t\t\t\t\t\t\t<path class=\"st3\" d=\"M0 182.086h1024V80.505c-37.171 19.558-80.691 35.328-139.571 36.25-151.142 2.355-141.619-28.57-298.496-29.184s-138.854 47.002-305.459 43.725C132.813 128.428 91.238 44.563 0 28.179v153.907z\"\/>\n\t\t\t\t\t\t\t\t\t<path class=\"st4\" d=\"M0 182.086h1024v-77.312c-49.05 20.07-120.525 42.394-193.229 42.086-128.922-.512-159.846-72.294-255.795-72.294-89.088 0-134.656 80.179-245.043 82.022S169.063 99.346 49.971 97.401C32.768 97.094 16.077 99.244 0 103.135v78.951z\"\/>\n\t\t\t\t\t\t\t\t<\/svg><\/div><div class=\"fusion-section-separator-spacer\"><div class=\"fusion-section-separator-spacer-height\"><\/div><\/div><\/div><div class=\"fusion-clearfix\"><\/div><\/div><\/div><\/div><\/div><div id=\"Subscribe\" class=\"fusion-container-anchor\"><div class=\"fusion-fullwidth fullwidth-box fusion-builder-row-4 fusion-parallax-none nonhundred-percent-fullwidth non-hundred-percent-height-scrolling\" style=\"--awb-background-position:center top;--awb-border-radius-top-left:0px;--awb-border-radius-top-right:0px;--awb-border-radius-bottom-right:0px;--awb-border-radius-bottom-left:0px;--awb-padding-top:9%;--awb-background-color:#000000;--awb-background-image:url(&quot;https:\/\/barantex.com\/wp-content\/uploads\/2019\/10\/haber-alin.jpg&quot;);--awb-background-size:cover;--awb-flex-wrap:wrap;\" ><div class=\"fusion-builder-row fusion-row\"><div class=\"fusion-layout-column fusion_builder_column fusion-builder-column-3 fusion_builder_column_1_6 1_6 fusion-one-sixth fusion-column-first\" style=\"--awb-bg-size:cover;width:16.666666666667%;width:calc(16.666666666667% - ( ( 4% + 4% ) * 0.16666666666667 ) );margin-right: 4%;\"><div class=\"fusion-column-wrapper fusion-column-has-shadow fusion-flex-column-wrapper-legacy\"><div class=\"fusion-clearfix\"><\/div><\/div><\/div><div class=\"fusion-layout-column fusion_builder_column fusion-builder-column-4 fusion_builder_column_2_3 2_3 fusion-two-third\" style=\"--awb-padding-bottom:60px;--awb-bg-size:cover;--awb-border-color:#292929;--awb-border-style:solid;width:66.666666666667%;width:calc(66.666666666667% - ( ( 4% + 4% ) * 0.66666666666667 ) );margin-right: 4%;\"><div class=\"fusion-column-wrapper fusion-column-has-shadow fusion-flex-column-wrapper-legacy\"><div class=\"fusion-title title fusion-title-2 fusion-sep-none fusion-title-center fusion-title-text fusion-title-size-two\" style=\"--awb-text-color:#ffffff;--awb-margin-top:0px;--awb-margin-bottom:30px;--awb-margin-top-small:0px;--awb-margin-bottom-small:30px;--awb-font-size:60px;\"><h2 class=\"fusion-title-heading title-heading-center fusion-responsive-typography-calculated\" style=\"margin:0;letter-spacing:-3px;font-size:1em;--fontSize:60;line-height:1.1;\">Kampanyalar\u0131m\u0131zdan<br \/>\n\u0130lk Siz Haberdar Olun<\/h2><\/div><div class=\"fusion-text fusion-text-2\"><p style=\"text-align: center;\"><span style=\"color: #ffffff;\">Email adresinizi b\u0131rak\u0131p f\u0131rsatlardan haberdar olun.<\/span><\/p>\n<\/div><div class=\"fusion-sep-clear\"><\/div><div class=\"fusion-separator fusion-full-width-sep\" style=\"margin-left: auto;margin-right: auto;margin-top:40px;width:100%;\"><\/div><div class=\"fusion-sep-clear\"><\/div>\n<div class=\"wpcf7 no-js\" id=\"wpcf7-f111-o1\" lang=\"en-US\" dir=\"ltr\" data-wpcf7-id=\"111\">\n<div class=\"screen-reader-response\"><p role=\"status\" aria-live=\"polite\" aria-atomic=\"true\"><\/p> <ul><\/ul><\/div>\n<form action=\"\/fr\/wp-json\/wp\/v2\/pages\/1885#wpcf7-f111-o1\" method=\"post\" class=\"wpcf7-form init\" aria-label=\"Contact form\" novalidate=\"novalidate\" data-status=\"init\">\n<fieldset class=\"hidden-fields-container\"><input type=\"hidden\" name=\"_wpcf7\" value=\"111\" \/><input type=\"hidden\" name=\"_wpcf7_version\" value=\"6.1.5\" \/><input type=\"hidden\" name=\"_wpcf7_locale\" value=\"en_US\" \/><input type=\"hidden\" name=\"_wpcf7_unit_tag\" value=\"wpcf7-f111-o1\" \/><input type=\"hidden\" name=\"_wpcf7_container_post\" value=\"0\" \/><input type=\"hidden\" name=\"_wpcf7_posted_data_hash\" value=\"\" \/>\n<\/fieldset>\n<p><span class=\"wpcf7-form-control-wrap\" data-name=\"your-email\"><input size=\"40\" maxlength=\"400\" class=\"wpcf7-form-control wpcf7-email wpcf7-validates-as-required wpcf7-text wpcf7-validates-as-email\" aria-required=\"true\" aria-invalid=\"false\" value=\"\" type=\"email\" name=\"your-email\" \/><\/span>\n<\/p>\n<div class=\"fusion-aligncenter\">\n\t<p><input class=\"wpcf7-form-control wpcf7-submit has-spinner\" type=\"submit\" value=\"\u00dcYE OL\" \/>\n\t<\/p>\n<\/div><div class=\"fusion-alert alert custom alert-custom fusion-alert-center wpcf7-response-output fusion-alert-capitalize awb-alert-native-link-color alert-dismissable awb-alert-close-boxed\" style=\"--awb-border-size:1px;--awb-border-top-left-radius:0px;--awb-border-top-right-radius:0px;--awb-border-bottom-left-radius:0px;--awb-border-bottom-right-radius:0px;\" role=\"alert\"><div class=\"fusion-alert-content-wrapper\"><span class=\"fusion-alert-content\"><\/span><\/div><button type=\"button\" class=\"close toggle-alert\" data-dismiss=\"alert\" aria-label=\"Close\">&times;<\/button><\/div>\n<\/form>\n<\/div>\n<div class=\"fusion-clearfix\"><\/div><\/div><\/div><div class=\"fusion-layout-column fusion_builder_column fusion-builder-column-5 fusion_builder_column_1_6 1_6 fusion-one-sixth fusion-column-last fusion-no-small-visibility\" style=\"--awb-bg-size:cover;width:16.666666666667%;width:calc(16.666666666667% - ( ( 4% + 4% ) * 0.16666666666667 ) );\"><div class=\"fusion-column-wrapper fusion-column-has-shadow fusion-flex-column-wrapper-legacy\"><div class=\"fusion-clearfix\"><\/div><\/div><\/div><div class=\"fusion-layout-column fusion_builder_column fusion-builder-column-6 fusion_builder_column_1_1 1_1 fusion-one-full fusion-column-first fusion-column-last\" style=\"--awb-padding-top:30px;--awb-bg-size:cover;--awb-border-color:#292929;--awb-border-bottom:4px;--awb-border-style:solid;\"><div class=\"fusion-column-wrapper fusion-column-has-shadow fusion-flex-column-wrapper-legacy\"><div class=\"fusion-clearfix\"><\/div><\/div><\/div><\/div><\/div><\/div>\n<\/p>\n","protected":false},"excerpt":{"rendered":"","protected":false},"author":1,"featured_media":0,"parent":1889,"menu_order":10,"comment_status":"closed","ping_status":"closed","template":"100-width.php","meta":{"footnotes":""},"class_list":["post-1885","page","type-page","status-publish","hentry"],"yoast_head":"<!-- This site is optimized with the Yoast SEO plugin v27.4 - https:\/\/yoast.com\/product\/yoast-seo-wordpress\/ -->\n<title>KVKK AYDINLATMA METN\u0130 FR - Baran Tekstil<\/title>\n<meta name=\"robots\" content=\"index, follow, max-snippet:-1, max-image-preview:large, max-video-preview:-1\" \/>\n<link rel=\"canonical\" href=\"https:\/\/www.barantex.com\/fr\/dentreprise\/politique-de-confidentialite\/kvkk-aydinlatma-metni\/\" \/>\n<meta property=\"og:locale\" content=\"fr_FR\" \/>\n<meta property=\"og:type\" content=\"article\" \/>\n<meta property=\"og:title\" content=\"KVKK AYDINLATMA METN\u0130 FR - Baran Tekstil\" \/>\n<meta property=\"og:url\" content=\"https:\/\/www.barantex.com\/fr\/dentreprise\/politique-de-confidentialite\/kvkk-aydinlatma-metni\/\" \/>\n<meta property=\"og:site_name\" content=\"Baran Tekstil\" \/>\n<meta property=\"article:modified_time\" content=\"2020-04-18T10:35:21+00:00\" \/>\n<meta name=\"twitter:card\" content=\"summary_large_image\" \/>\n<meta name=\"twitter:label1\" content=\"Dur\u00e9e de lecture estim\u00e9e\" \/>\n\t<meta name=\"twitter:data1\" content=\"10 minutes\" \/>\n<script type=\"application\/ld+json\" class=\"yoast-schema-graph\">{\"@context\":\"https:\\\/\\\/schema.org\",\"@graph\":[{\"@type\":\"WebPage\",\"@id\":\"https:\\\/\\\/www.barantex.com\\\/fr\\\/dentreprise\\\/politique-de-confidentialite\\\/kvkk-aydinlatma-metni\\\/\",\"url\":\"https:\\\/\\\/www.barantex.com\\\/fr\\\/dentreprise\\\/politique-de-confidentialite\\\/kvkk-aydinlatma-metni\\\/\",\"name\":\"KVKK AYDINLATMA METN\u0130 FR - Baran Tekstil\",\"isPartOf\":{\"@id\":\"https:\\\/\\\/www.barantex.com\\\/fr\\\/#website\"},\"datePublished\":\"2019-12-03T11:18:51+00:00\",\"dateModified\":\"2020-04-18T10:35:21+00:00\",\"breadcrumb\":{\"@id\":\"https:\\\/\\\/www.barantex.com\\\/fr\\\/dentreprise\\\/politique-de-confidentialite\\\/kvkk-aydinlatma-metni\\\/#breadcrumb\"},\"inLanguage\":\"fr-FR\",\"potentialAction\":[{\"@type\":\"ReadAction\",\"target\":[\"https:\\\/\\\/www.barantex.com\\\/fr\\\/dentreprise\\\/politique-de-confidentialite\\\/kvkk-aydinlatma-metni\\\/\"]}]},{\"@type\":\"BreadcrumbList\",\"@id\":\"https:\\\/\\\/www.barantex.com\\\/fr\\\/dentreprise\\\/politique-de-confidentialite\\\/kvkk-aydinlatma-metni\\\/#breadcrumb\",\"itemListElement\":[{\"@type\":\"ListItem\",\"position\":1,\"name\":\"Ana sayfa\",\"item\":\"https:\\\/\\\/www.barantex.com\\\/fr\\\/\"},{\"@type\":\"ListItem\",\"position\":2,\"name\":\"D\u2019ENTREPRISE\",\"item\":\"https:\\\/\\\/www.barantex.com\\\/fr\\\/kurumsal\\\/\"},{\"@type\":\"ListItem\",\"position\":3,\"name\":\"POLITIQUE DE CONFIDENTIALIT\u00c9\",\"item\":\"https:\\\/\\\/www.barantex.com\\\/fr\\\/kurumsal\\\/gizlilik-politikasi\\\/\"},{\"@type\":\"ListItem\",\"position\":4,\"name\":\"KVKK AYDINLATMA METN\u0130 FR\"}]},{\"@type\":\"WebSite\",\"@id\":\"https:\\\/\\\/www.barantex.com\\\/fr\\\/#website\",\"url\":\"https:\\\/\\\/www.barantex.com\\\/fr\\\/\",\"name\":\"Baran Tekstil\",\"description\":\"Moda D\u00fcnyas\u0131na A\u00e7\u0131lan Kap\u0131n\u0131z\",\"potentialAction\":[{\"@type\":\"SearchAction\",\"target\":{\"@type\":\"EntryPoint\",\"urlTemplate\":\"https:\\\/\\\/www.barantex.com\\\/fr\\\/?s={search_term_string}\"},\"query-input\":{\"@type\":\"PropertyValueSpecification\",\"valueRequired\":true,\"valueName\":\"search_term_string\"}}],\"inLanguage\":\"fr-FR\"}]}<\/script>\n<!-- \/ Yoast SEO plugin. -->","yoast_head_json":{"title":"KVKK AYDINLATMA METN\u0130 FR - Baran Tekstil","robots":{"index":"index","follow":"follow","max-snippet":"max-snippet:-1","max-image-preview":"max-image-preview:large","max-video-preview":"max-video-preview:-1"},"canonical":"https:\/\/www.barantex.com\/fr\/dentreprise\/politique-de-confidentialite\/kvkk-aydinlatma-metni\/","og_locale":"fr_FR","og_type":"article","og_title":"KVKK AYDINLATMA METN\u0130 FR - Baran Tekstil","og_url":"https:\/\/www.barantex.com\/fr\/dentreprise\/politique-de-confidentialite\/kvkk-aydinlatma-metni\/","og_site_name":"Baran Tekstil","article_modified_time":"2020-04-18T10:35:21+00:00","twitter_card":"summary_large_image","twitter_misc":{"Dur\u00e9e de lecture estim\u00e9e":"10 minutes"},"schema":{"@context":"https:\/\/schema.org","@graph":[{"@type":"WebPage","@id":"https:\/\/www.barantex.com\/fr\/dentreprise\/politique-de-confidentialite\/kvkk-aydinlatma-metni\/","url":"https:\/\/www.barantex.com\/fr\/dentreprise\/politique-de-confidentialite\/kvkk-aydinlatma-metni\/","name":"KVKK AYDINLATMA METN\u0130 FR - Baran Tekstil","isPartOf":{"@id":"https:\/\/www.barantex.com\/fr\/#website"},"datePublished":"2019-12-03T11:18:51+00:00","dateModified":"2020-04-18T10:35:21+00:00","breadcrumb":{"@id":"https:\/\/www.barantex.com\/fr\/dentreprise\/politique-de-confidentialite\/kvkk-aydinlatma-metni\/#breadcrumb"},"inLanguage":"fr-FR","potentialAction":[{"@type":"ReadAction","target":["https:\/\/www.barantex.com\/fr\/dentreprise\/politique-de-confidentialite\/kvkk-aydinlatma-metni\/"]}]},{"@type":"BreadcrumbList","@id":"https:\/\/www.barantex.com\/fr\/dentreprise\/politique-de-confidentialite\/kvkk-aydinlatma-metni\/#breadcrumb","itemListElement":[{"@type":"ListItem","position":1,"name":"Ana sayfa","item":"https:\/\/www.barantex.com\/fr\/"},{"@type":"ListItem","position":2,"name":"D\u2019ENTREPRISE","item":"https:\/\/www.barantex.com\/fr\/kurumsal\/"},{"@type":"ListItem","position":3,"name":"POLITIQUE DE CONFIDENTIALIT\u00c9","item":"https:\/\/www.barantex.com\/fr\/kurumsal\/gizlilik-politikasi\/"},{"@type":"ListItem","position":4,"name":"KVKK AYDINLATMA METN\u0130 FR"}]},{"@type":"WebSite","@id":"https:\/\/www.barantex.com\/fr\/#website","url":"https:\/\/www.barantex.com\/fr\/","name":"Baran Tekstil","description":"Moda D\u00fcnyas\u0131na A\u00e7\u0131lan Kap\u0131n\u0131z","potentialAction":[{"@type":"SearchAction","target":{"@type":"EntryPoint","urlTemplate":"https:\/\/www.barantex.com\/fr\/?s={search_term_string}"},"query-input":{"@type":"PropertyValueSpecification","valueRequired":true,"valueName":"search_term_string"}}],"inLanguage":"fr-FR"}]}},"_links":{"self":[{"href":"https:\/\/www.barantex.com\/fr\/wp-json\/wp\/v2\/pages\/1885","targetHints":{"allow":["GET"]}}],"collection":[{"href":"https:\/\/www.barantex.com\/fr\/wp-json\/wp\/v2\/pages"}],"about":[{"href":"https:\/\/www.barantex.com\/fr\/wp-json\/wp\/v2\/types\/page"}],"author":[{"embeddable":true,"href":"https:\/\/www.barantex.com\/fr\/wp-json\/wp\/v2\/users\/1"}],"replies":[{"embeddable":true,"href":"https:\/\/www.barantex.com\/fr\/wp-json\/wp\/v2\/comments?post=1885"}],"version-history":[{"count":2,"href":"https:\/\/www.barantex.com\/fr\/wp-json\/wp\/v2\/pages\/1885\/revisions"}],"predecessor-version":[{"id":1887,"href":"https:\/\/www.barantex.com\/fr\/wp-json\/wp\/v2\/pages\/1885\/revisions\/1887"}],"up":[{"embeddable":true,"href":"https:\/\/www.barantex.com\/fr\/wp-json\/wp\/v2\/pages\/1889"}],"wp:attachment":[{"href":"https:\/\/www.barantex.com\/fr\/wp-json\/wp\/v2\/media?parent=1885"}],"curies":[{"name":"wp","href":"https:\/\/api.w.org\/{rel}","templated":true}]}}