{"id":1898,"date":"2019-12-13T11:17:38","date_gmt":"2019-12-13T08:17:38","guid":{"rendered":"https:\/\/barantex.com\/dentreprise\/vizyon-misyon\/"},"modified":"2020-04-18T13:43:27","modified_gmt":"2020-04-18T10:43:27","slug":"vision-mission","status":"publish","type":"page","link":"https:\/\/www.barantex.com\/fr\/dentreprise\/vision-mission\/","title":{"rendered":"VISION &#038; MISSION"},"content":{"rendered":"<p><div class=\"fusion-fullwidth fullwidth-box fusion-builder-row-1 fusion-parallax-none nonhundred-percent-fullwidth non-hundred-percent-height-scrolling\" style=\"--awb-background-position:center top;--awb-border-radius-top-left:0px;--awb-border-radius-top-right:0px;--awb-border-radius-bottom-right:0px;--awb-border-radius-bottom-left:0px;--awb-padding-top:16%;--awb-padding-bottom:12%;--awb-background-image:linear-gradient(180deg, rgba(192,192,192,0.7) 0%,rgba(255,255,255,0) 56%),url(https:\/\/barantex.com\/wp-content\/uploads\/2019\/12\/kurumsal.png);;--awb-background-size:cover;--awb-flex-wrap:wrap;\" ><div class=\"fusion-builder-row fusion-row\"><div class=\"fusion-layout-column fusion_builder_column fusion-builder-column-0 fusion_builder_column_1_1 1_1 fusion-one-full fusion-column-first fusion-column-last\" style=\"--awb-bg-size:cover;\"><div class=\"fusion-column-wrapper fusion-column-has-shadow fusion-flex-column-wrapper-legacy\"><div class=\"fusion-title title fusion-title-1 fusion-sep-none fusion-title-center fusion-title-text fusion-title-size-one\" style=\"--awb-margin-bottom:20px;\"><h1 class=\"fusion-title-heading title-heading-center fusion-responsive-typography-calculated\" style=\"margin:0;letter-spacing:-5px;--fontSize:80;line-height:1.2;\">Vision &amp; Mission<\/h1><\/div><div class=\"fusion-clearfix\"><\/div><\/div><\/div><\/div><\/div><div class=\"fusion-fullwidth fullwidth-box fusion-builder-row-2 nonhundred-percent-fullwidth non-hundred-percent-height-scrolling fusion-equal-height-columns\" style=\"--awb-border-radius-top-left:0px;--awb-border-radius-top-right:0px;--awb-border-radius-bottom-right:0px;--awb-border-radius-bottom-left:0px;--awb-padding-bottom:9%;--awb-background-image:linear-gradient(171deg, #c0c0c0 46%,#000000 100%);--awb-flex-wrap:wrap;\" ><div class=\"fusion-builder-row fusion-row\"><div class=\"fusion-layout-column fusion_builder_column fusion-builder-column-1 fusion_builder_column_2_3 2_3 fusion-two-third fusion-column-first fusion-no-small-visibility fusion-no-medium-visibility\" style=\"--awb-padding-bottom:60px;--awb-bg-size:cover;width:66.666666666667%;width:calc(66.666666666667% - ( ( 4% ) * 0.66666666666667 ) );margin-right: 4%;\"><div class=\"fusion-column-wrapper fusion-column-has-shadow fusion-flex-column-wrapper-legacy\"><div class=\"fusion-column-content-centered\"><div class=\"fusion-column-content\"><div class=\"fusion-sep-clear\"><\/div><div class=\"fusion-separator fusion-full-width-sep\" style=\"margin-left: auto;margin-right: auto;margin-top:10px;margin-bottom:10px;width:100%;\"><\/div><div class=\"fusion-sep-clear\"><\/div><div class=\"fusion-title title fusion-title-2 fusion-sep-none fusion-title-text fusion-title-size-two\" style=\"--awb-text-color:#ffffff;--awb-margin-top:0px;--awb-margin-bottom:0px;--awb-margin-top-small:0px;--awb-margin-bottom-small:0px;--awb-font-size:60px;\"><h2 class=\"fusion-title-heading title-heading-left fusion-responsive-typography-calculated\" style=\"margin:0;letter-spacing:-3px;font-size:1em;--fontSize:60;line-height:1.1;\">Notre vision<\/h2><\/div><div class=\"fusion-sep-clear\"><\/div><div class=\"fusion-separator fusion-full-width-sep\" style=\"margin-left: auto;margin-right: auto;margin-top:10px;margin-bottom:10px;width:100%;\"><\/div><div class=\"fusion-sep-clear\"><\/div><div class=\"fusion-text fusion-text-1\"><p><span style=\"color: #ffffff;\">Ax\u00e9e sur la satisfaction client, la qualit\u00e9 et l\u2019excellence de tous nos produits, nous nous positionnons comme un fournisseur de tissus fiable, leader dans le secteur gr\u00e2ce \u00e0 une politique d\u2019innovation et de recherche en phase avec l\u2019\u00e9volution des exigences sur les march\u00e9s nationaux et internationaux.<\/span><\/p>\n<h3><span style=\"color: #ffffff;\">Roder promet de toujours offrir \u00e0 ses clients des produits de la meilleure qualit\u00e9 possible .<\/span><\/h3>\n<\/div><div class=\"fusion-sep-clear\"><\/div><div class=\"fusion-separator fusion-full-width-sep\" style=\"margin-left: auto;margin-right: auto;margin-top:10px;margin-bottom:10px;width:100%;\"><\/div><div class=\"fusion-sep-clear\"><\/div><div class=\"fusion-title title fusion-title-3 fusion-sep-none fusion-title-text fusion-title-size-two\" style=\"--awb-text-color:#ffffff;--awb-margin-top:0px;--awb-margin-bottom:0px;--awb-margin-top-small:0px;--awb-margin-bottom-small:0px;--awb-font-size:60px;\"><h2 class=\"fusion-title-heading title-heading-left fusion-responsive-typography-calculated\" style=\"margin:0;letter-spacing:-3px;font-size:1em;--fontSize:60;line-height:1.1;\">Notre mission<\/h2><\/div><div class=\"fusion-sep-clear\"><\/div><div class=\"fusion-separator fusion-full-width-sep\" style=\"margin-left: auto;margin-right: auto;margin-top:10px;margin-bottom:10px;width:100%;\"><\/div><div class=\"fusion-sep-clear\"><\/div><div class=\"fusion-text fusion-text-2\"><p><span style=\"color: #ffffff;\">Notre mission est d\u2019\u00eatre une entreprise pionni\u00e8re qui dirige le secteur avec son personnel exp\u00e9riment\u00e9. Visant le d\u00e9veloppement, la croissance et l\u2019excellence, nous tachons de r\u00e9pondre efficacement \u00e0 toutes les exigences de la cha\u00eene d\u2019approvisionnement des produits \u00e0 diff\u00e9rentes \u00e9tapes.<\/span><\/p>\n<h3><span style=\"color: #ffffff;\">Nous souhaitons maintenir notre pr\u00e9sence dans le secteur en tant qu\u2019entreprise loyale et r\u00e9put\u00e9e fournissant le meilleur service et une qualit\u00e9 haut de gamme<\/span><\/h3>\n<\/div><\/div><\/div><div class=\"fusion-clearfix\"><\/div><\/div><\/div><div class=\"fusion-layout-column fusion_builder_column fusion-builder-column-2 fusion_builder_column_1_3 1_3 fusion-one-third fusion-column-last fusion-no-small-visibility fusion-no-medium-visibility\" style=\"--awb-bg-size:cover;width:33.333333333333%;width:calc(33.333333333333% - ( ( 4% ) * 0.33333333333333 ) );\"><div class=\"fusion-column-wrapper fusion-column-has-shadow fusion-flex-column-wrapper-legacy\"><div class=\"fusion-column-content-centered\"><div class=\"fusion-column-content\"><div class=\"fusion-image-element in-legacy-container\" style=\"--awb-caption-title-font-family:var(--h2_typography-font-family);--awb-caption-title-font-weight:var(--h2_typography-font-weight);--awb-caption-title-font-style:var(--h2_typography-font-style);--awb-caption-title-size:var(--h2_typography-font-size);--awb-caption-title-transform:var(--h2_typography-text-transform);--awb-caption-title-line-height:var(--h2_typography-line-height);--awb-caption-title-letter-spacing:var(--h2_typography-letter-spacing);\"><span class=\" fusion-imageframe imageframe-none imageframe-1 hover-type-none\"><img decoding=\"async\" width=\"500\" height=\"500\" title=\"cotton\" src=\"https:\/\/barantex.com\/wp-content\/uploads\/2019\/10\/cotton.png\" alt class=\"img-responsive wp-image-1743\" srcset=\"https:\/\/www.barantex.com\/wp-content\/uploads\/2019\/10\/cotton-200x200.png 200w, https:\/\/www.barantex.com\/wp-content\/uploads\/2019\/10\/cotton-400x400.png 400w, https:\/\/www.barantex.com\/wp-content\/uploads\/2019\/10\/cotton.png 500w\" sizes=\"(max-width: 1024px) 100vw, 400px\" \/><\/span><\/div><\/div><\/div><div class=\"fusion-clearfix\"><\/div><\/div><\/div><\/div><\/div><\/p>\n","protected":false},"excerpt":{"rendered":"","protected":false},"author":1,"featured_media":0,"parent":1893,"menu_order":10,"comment_status":"closed","ping_status":"closed","template":"100-width.php","meta":{"footnotes":""},"class_list":["post-1898","page","type-page","status-publish","hentry"],"yoast_head":"<!-- This site is optimized with the Yoast SEO plugin v27.4 - https:\/\/yoast.com\/product\/yoast-seo-wordpress\/ -->\n<title>VISION &amp; MISSION - Baran Tekstil<\/title>\n<meta name=\"robots\" content=\"index, follow, max-snippet:-1, max-image-preview:large, max-video-preview:-1\" \/>\n<link rel=\"canonical\" href=\"https:\/\/www.barantex.com\/fr\/dentreprise\/vision-mission\/\" \/>\n<meta property=\"og:locale\" content=\"fr_FR\" \/>\n<meta property=\"og:type\" content=\"article\" \/>\n<meta property=\"og:title\" content=\"VISION &amp; MISSION - Baran Tekstil\" \/>\n<meta property=\"og:url\" content=\"https:\/\/www.barantex.com\/fr\/dentreprise\/vision-mission\/\" \/>\n<meta property=\"og:site_name\" content=\"Baran Tekstil\" \/>\n<meta property=\"article:modified_time\" content=\"2020-04-18T10:43:27+00:00\" \/>\n<meta name=\"twitter:card\" content=\"summary_large_image\" \/>\n<meta name=\"twitter:label1\" content=\"Dur\u00e9e de lecture estim\u00e9e\" \/>\n\t<meta name=\"twitter:data1\" content=\"8 minutes\" \/>\n<script type=\"application\/ld+json\" class=\"yoast-schema-graph\">{\"@context\":\"https:\\\/\\\/schema.org\",\"@graph\":[{\"@type\":\"WebPage\",\"@id\":\"https:\\\/\\\/www.barantex.com\\\/fr\\\/dentreprise\\\/vision-mission\\\/\",\"url\":\"https:\\\/\\\/www.barantex.com\\\/fr\\\/dentreprise\\\/vision-mission\\\/\",\"name\":\"VISION & MISSION - Baran Tekstil\",\"isPartOf\":{\"@id\":\"https:\\\/\\\/www.barantex.com\\\/fr\\\/#website\"},\"datePublished\":\"2019-12-13T08:17:38+00:00\",\"dateModified\":\"2020-04-18T10:43:27+00:00\",\"breadcrumb\":{\"@id\":\"https:\\\/\\\/www.barantex.com\\\/fr\\\/dentreprise\\\/vision-mission\\\/#breadcrumb\"},\"inLanguage\":\"fr-FR\",\"potentialAction\":[{\"@type\":\"ReadAction\",\"target\":[\"https:\\\/\\\/www.barantex.com\\\/fr\\\/dentreprise\\\/vision-mission\\\/\"]}]},{\"@type\":\"BreadcrumbList\",\"@id\":\"https:\\\/\\\/www.barantex.com\\\/fr\\\/dentreprise\\\/vision-mission\\\/#breadcrumb\",\"itemListElement\":[{\"@type\":\"ListItem\",\"position\":1,\"name\":\"Ana sayfa\",\"item\":\"https:\\\/\\\/www.barantex.com\\\/fr\\\/\"},{\"@type\":\"ListItem\",\"position\":2,\"name\":\"D\u2019ENTREPRISE\",\"item\":\"https:\\\/\\\/www.barantex.com\\\/fr\\\/kurumsal\\\/\"},{\"@type\":\"ListItem\",\"position\":3,\"name\":\"VISION &#038; MISSION\"}]},{\"@type\":\"WebSite\",\"@id\":\"https:\\\/\\\/www.barantex.com\\\/fr\\\/#website\",\"url\":\"https:\\\/\\\/www.barantex.com\\\/fr\\\/\",\"name\":\"Baran Tekstil\",\"description\":\"Moda D\u00fcnyas\u0131na A\u00e7\u0131lan Kap\u0131n\u0131z\",\"potentialAction\":[{\"@type\":\"SearchAction\",\"target\":{\"@type\":\"EntryPoint\",\"urlTemplate\":\"https:\\\/\\\/www.barantex.com\\\/fr\\\/?s={search_term_string}\"},\"query-input\":{\"@type\":\"PropertyValueSpecification\",\"valueRequired\":true,\"valueName\":\"search_term_string\"}}],\"inLanguage\":\"fr-FR\"}]}<\/script>\n<!-- \/ Yoast SEO plugin. -->","yoast_head_json":{"title":"VISION & MISSION - Baran Tekstil","robots":{"index":"index","follow":"follow","max-snippet":"max-snippet:-1","max-image-preview":"max-image-preview:large","max-video-preview":"max-video-preview:-1"},"canonical":"https:\/\/www.barantex.com\/fr\/dentreprise\/vision-mission\/","og_locale":"fr_FR","og_type":"article","og_title":"VISION & MISSION - Baran Tekstil","og_url":"https:\/\/www.barantex.com\/fr\/dentreprise\/vision-mission\/","og_site_name":"Baran Tekstil","article_modified_time":"2020-04-18T10:43:27+00:00","twitter_card":"summary_large_image","twitter_misc":{"Dur\u00e9e de lecture estim\u00e9e":"8 minutes"},"schema":{"@context":"https:\/\/schema.org","@graph":[{"@type":"WebPage","@id":"https:\/\/www.barantex.com\/fr\/dentreprise\/vision-mission\/","url":"https:\/\/www.barantex.com\/fr\/dentreprise\/vision-mission\/","name":"VISION & MISSION - Baran Tekstil","isPartOf":{"@id":"https:\/\/www.barantex.com\/fr\/#website"},"datePublished":"2019-12-13T08:17:38+00:00","dateModified":"2020-04-18T10:43:27+00:00","breadcrumb":{"@id":"https:\/\/www.barantex.com\/fr\/dentreprise\/vision-mission\/#breadcrumb"},"inLanguage":"fr-FR","potentialAction":[{"@type":"ReadAction","target":["https:\/\/www.barantex.com\/fr\/dentreprise\/vision-mission\/"]}]},{"@type":"BreadcrumbList","@id":"https:\/\/www.barantex.com\/fr\/dentreprise\/vision-mission\/#breadcrumb","itemListElement":[{"@type":"ListItem","position":1,"name":"Ana sayfa","item":"https:\/\/www.barantex.com\/fr\/"},{"@type":"ListItem","position":2,"name":"D\u2019ENTREPRISE","item":"https:\/\/www.barantex.com\/fr\/kurumsal\/"},{"@type":"ListItem","position":3,"name":"VISION &#038; MISSION"}]},{"@type":"WebSite","@id":"https:\/\/www.barantex.com\/fr\/#website","url":"https:\/\/www.barantex.com\/fr\/","name":"Baran Tekstil","description":"Moda D\u00fcnyas\u0131na A\u00e7\u0131lan Kap\u0131n\u0131z","potentialAction":[{"@type":"SearchAction","target":{"@type":"EntryPoint","urlTemplate":"https:\/\/www.barantex.com\/fr\/?s={search_term_string}"},"query-input":{"@type":"PropertyValueSpecification","valueRequired":true,"valueName":"search_term_string"}}],"inLanguage":"fr-FR"}]}},"_links":{"self":[{"href":"https:\/\/www.barantex.com\/fr\/wp-json\/wp\/v2\/pages\/1898","targetHints":{"allow":["GET"]}}],"collection":[{"href":"https:\/\/www.barantex.com\/fr\/wp-json\/wp\/v2\/pages"}],"about":[{"href":"https:\/\/www.barantex.com\/fr\/wp-json\/wp\/v2\/types\/page"}],"author":[{"embeddable":true,"href":"https:\/\/www.barantex.com\/fr\/wp-json\/wp\/v2\/users\/1"}],"replies":[{"embeddable":true,"href":"https:\/\/www.barantex.com\/fr\/wp-json\/wp\/v2\/comments?post=1898"}],"version-history":[{"count":3,"href":"https:\/\/www.barantex.com\/fr\/wp-json\/wp\/v2\/pages\/1898\/revisions"}],"predecessor-version":[{"id":1901,"href":"https:\/\/www.barantex.com\/fr\/wp-json\/wp\/v2\/pages\/1898\/revisions\/1901"}],"up":[{"embeddable":true,"href":"https:\/\/www.barantex.com\/fr\/wp-json\/wp\/v2\/pages\/1893"}],"wp:attachment":[{"href":"https:\/\/www.barantex.com\/fr\/wp-json\/wp\/v2\/media?parent=1898"}],"curies":[{"name":"wp","href":"https:\/\/api.w.org\/{rel}","templated":true}]}}